{"id":1684,"date":"2022-01-20T09:22:33","date_gmt":"2022-01-20T09:22:33","guid":{"rendered":"https:\/\/villas-stoupa.gr\/cookie-policy\/"},"modified":"2023-12-19T15:00:13","modified_gmt":"2023-12-19T15:00:13","slug":"cookie-policy","status":"publish","type":"page","link":"https:\/\/villas-stoupa.gr\/fr\/cookie-policy\/","title":{"rendered":"Cookies Policy"},"content":{"rendered":"\n<h2 class=\"wp-block-heading\" id=\"whatarecookies\">Qu&#8217;entend-on par \u00abcookies\u00bb?<\/h2>\n\n\n\n<div style=\"height:31px\" aria-hidden=\"true\" class=\"wp-block-spacer\"><\/div>\n\n\n\n<p>Un cookie est un petit fichier texte que les sites web stockent sur votre ordinateur ou appareil mobile lorsque vous les consultez.<\/p>\n\n\n\n<ul class=\"wp-block-list\">\n<li>Les&nbsp;<strong>cookies internes<\/strong>&nbsp;ou \u00abcookies propres\u00bb sont des cookies cr\u00e9\u00e9s par le site web que vous visitez. Seul ce site peut les lire. Un site peut \u00e9galement utiliser des services externes, qui cr\u00e9ent aussi leurs propres cookies, appel\u00e9s&nbsp;<strong>cookies tiers<\/strong>.<\/li>\n\n\n\n<li>Les cookies persistants sont des cookies qui sont enregistr\u00e9s sur votre ordinateur et qui ne sont pas supprim\u00e9s automatiquement lorsque vous quittez votre navigateur, contrairement aux cookies de session, qui sont supprim\u00e9s lorsque vous le quittez.<\/li>\n<\/ul>\n\n\n\n<div style=\"height:31px\" aria-hidden=\"true\" class=\"wp-block-spacer\"><\/div>\n\n\n\n<p>Chaque fois que vous vous rendez sur un site web de la Commission, vous \u00eates invit\u00e9(e) \u00e0&nbsp;<strong>accepter ou refuser les cookies<\/strong>.<\/p>\n\n\n\n<div style=\"height:31px\" aria-hidden=\"true\" class=\"wp-block-spacer\"><\/div>\n\n\n\n<p>L\u2019objectif est de permettre au site concern\u00e9 de se souvenir de vos pr\u00e9f\u00e9rences (nom d\u2019utilisateur, langue, etc.) pendant un certain temps.<\/p>\n\n\n\n<div style=\"height:31px\" aria-hidden=\"true\" class=\"wp-block-spacer\"><\/div>\n\n\n\n<p>Ainsi, vous ne devez pas les indiquer plusieurs fois lors d\u2019une m\u00eame visite sur ce site.<\/p>\n\n\n\n<p>Les cookies peuvent \u00e9galement servir \u00e0 \u00e9tablir des statistiques anonymis\u00e9es concernant l\u2019exp\u00e9rience de navigation sur nos sites.<\/p>\n\n\n\n<div style=\"height:31px\" aria-hidden=\"true\" class=\"wp-block-spacer\"><\/div>\n\n\n\n<h2 class=\"wp-block-heading\" id=\"howdoweusecookies\">Comment utilisons-nous les cookies?<\/h2>\n\n\n\n<div style=\"height:31px\" aria-hidden=\"true\" class=\"wp-block-spacer\"><\/div>\n\n\n\n<p>Les sites web de la Commission europ\u00e9enne utilisent principalement des \u00abcookies internes\u00bb. Il s\u2019agit de cookies cr\u00e9\u00e9s et contr\u00f4l\u00e9s par la Commission, et non par une organisation externe.<\/p>\n\n\n\n<p>Toutefois, pour voir certaines de nos pages, vous devez accepter des cookies provenant d\u2019organisations externes.<\/p>\n\n\n\n<div style=\"height:31px\" aria-hidden=\"true\" class=\"wp-block-spacer\"><\/div>\n\n\n\n<p>Les&nbsp;<strong>3 types de cookies internes<\/strong>&nbsp;que nous utilisons servent \u00e0:<\/p>\n\n\n\n<ul class=\"wp-block-list\">\n<li>enregistrer les pr\u00e9f\u00e9rences des visiteurs;<\/li>\n\n\n\n<li>assurer le bon fonctionnement de nos sites web;<\/li>\n\n\n\n<li>recueillir des donn\u00e9es analytiques (sur le comportement des utilisateurs).<\/li>\n<\/ul>\n\n\n\n<div style=\"height:31px\" aria-hidden=\"true\" class=\"wp-block-spacer\"><\/div>\n\n\n\n<p><strong>Pr\u00e9f\u00e9rences du visiteur<\/strong><\/p>\n\n\n\n<div style=\"height:31px\" aria-hidden=\"true\" class=\"wp-block-spacer\"><\/div>\n\n\n\n<p>Nous cr\u00e9ons les cookies relatifs aux pr\u00e9f\u00e9rences du visiteur et sommes les seuls \u00e0 pouvoir les lire. Ils permettent \u00e0 votre navigateur de se souvenir:<\/p>\n\n\n\n<ul class=\"wp-block-list\">\n<li>si vous avez accept\u00e9 (ou refus\u00e9) la politique du site en mati\u00e8re de cookies;<\/li>\n\n\n\n<li>si vous avez d\u00e9j\u00e0 r\u00e9pondu \u00e0 l\u2019enqu\u00eate (qui appara\u00eet dans une fen\u00eatre contextuelle) sur l\u2019utilit\u00e9 du contenu du site \u2014 afin d\u2019\u00e9viter de vous le redemander.<\/li>\n<\/ul>\n\n\n\n<div style=\"height:31px\" aria-hidden=\"true\" class=\"wp-block-spacer\"><\/div>\n\n\n\n<p><strong>Cookies de fonctionnement<\/strong><\/p>\n\n\n\n<p>Nous devons utiliser des cookies pour pouvoir faire fonctionner certaines pages web. C\u2019est la raison pour laquelle ils ne n\u00e9cessitent pas votre consentement. Il s\u2019agit plus pr\u00e9cis\u00e9ment des cookies suivants:<\/p>\n\n\n\n<ul class=\"wp-block-list\">\n<li><strong>cookies d\u2019authentification;<\/strong><\/li>\n\n\n\n<li><strong>cookies techniques<\/strong>\u00a0exig\u00e9s par certains syst\u00e8mes informatiques.<\/li>\n<\/ul>\n\n\n\n<div style=\"height:31px\" aria-hidden=\"true\" class=\"wp-block-spacer\"><\/div>\n\n\n\n<p><strong>Cookies d\u2019authentification<\/strong><\/p>\n\n\n\n<p>Ces cookies sont stock\u00e9s lorsque vous vous connectez sur un site de la Commission au moyen de notre\u00a0<a href=\"https:\/\/webgate.ec.europa.eu\/cas\/about.html\">service d\u2019authentification (EU Login)<\/a>. Dans ce cas, vous acceptez la\u00a0<a href=\"https:\/\/webgate.ec.europa.eu\/cas\/privacyStatement.html\">politique de protection de la vie priv\u00e9e<\/a>\u00a0qui y est associ\u00e9e.<\/p>\n\n\n\n<div style=\"height:31px\" aria-hidden=\"true\" class=\"wp-block-spacer\"><\/div>\n\n\n\n<p><strong>Cookies analytiques<\/strong><\/p>\n\n\n\n<p>Nous utilisons les cookies analytiques uniquement \u00e0 des fins de recherche interne sur la mani\u00e8re dont nous pouvons am\u00e9liorer le service que nous offrons \u00e0 tous nos utilisateurs.<\/p>\n\n\n\n<p>Ces cookies permettent simplement d\u2019\u00e9valuer la mani\u00e8re dont vous interagissez avec nos sites web \u2014 en tant qu\u2019utilisateur anonyme (les&nbsp;<strong>donn\u00e9es recueillies ne permettent pas de vous identifier personnellement<\/strong>).<\/p>\n\n\n\n<div style=\"height:31px\" aria-hidden=\"true\" class=\"wp-block-spacer\"><\/div>\n\n\n\n<p>En outre, ces donn\u00e9es ne sont\u00a0<strong>pas partag\u00e9es avec des tiers<\/strong>, ni utilis\u00e9es \u00e0 d\u2019autres fins. Les statistiques anonymis\u00e9es peuvent \u00eatre partag\u00e9es avec des sous-traitants travaillant sur des projets de communication dans le cadre d\u2019accords contractuels avec la Commission.<\/p>\n\n\n\n<div style=\"height:31px\" aria-hidden=\"true\" class=\"wp-block-spacer\"><\/div>\n\n\n\n<p>Toutefois, vous \u00eates&nbsp;<strong>libre de refuser<\/strong>&nbsp;ces types de cookies, soit au moyen du bandeau sur les cookies qui s\u2019affiche sur la premi\u00e8re page que vous visitez, soit en allant sur la page de&nbsp;<a href=\"https:\/\/ec.europa.eu\/info\/privacy-policy\/europa-analytics_en\">Europa Analytics<\/a>.<\/p>\n\n\n\n<div style=\"height:31px\" aria-hidden=\"true\" class=\"wp-block-spacer\"><\/div>\n\n\n\n<h2 class=\"wp-block-heading\" id=\"thirdpartycookies\">Cookies tiers<\/h2>\n\n\n\n<p>Certaines de nos pages affichent des contenus provenant de prestataires externes, comme YouTube, Facebook ou Twitter.<\/p>\n\n\n\n<p>Pour visualiser ces contenus, vous devez d\u2019abord accepter les conditions particuli\u00e8res de ces prestataires. Il s\u2019agit notamment de leurs politiques en mati\u00e8re de cookies, qui \u00e9chappent \u00e0 notre contr\u00f4le.<\/p>\n\n\n\n<p>Toutefois, si vous ne visualisez pas ces contenus, aucun cookie tiers ne sera install\u00e9 sur votre appareil.<\/p>\n\n\n\n<div style=\"height:31px\" aria-hidden=\"true\" class=\"wp-block-spacer\"><\/div>\n\n\n\n<p><strong>Prestataires externes sur les sites web de la Commission<\/strong><\/p>\n\n\n\n<div style=\"height:31px\" aria-hidden=\"true\" class=\"wp-block-spacer\"><\/div>\n\n\n\n<p><a href=\"https:\/\/www.youtube.com\/t\/terms\">YouTube<\/a><br><a href=\"https:\/\/archive.org\/about\/terms.php\">Internet Archive<\/a><br><a href=\"https:\/\/www.google.com\/intl\/en_be\/help\/terms_maps\/\">Google Maps<\/a><br><a href=\"https:\/\/twitter.com\/en\/tos?wcmmode=disabled#intlTerms\">Twitter<\/a><br><a href=\"https:\/\/www.tv1.eu\/en\/datenschutz\/\">TV1<\/a><br><a href=\"https:\/\/vimeo.com\/terms\">Vimeo<\/a><br><a href=\"https:\/\/www.microsoft.com\/en\/servicesagreement\/\">Microsoft<\/a><br><a href=\"https:\/\/www.facebook.com\/legal\/terms\">Facebook<\/a><br><a href=\"https:\/\/policies.google.com\/terms?hl=en&amp;gl=be\">Google<\/a><br><a href=\"https:\/\/www.linkedin.com\/legal\/user-agreement\">LinkedIn<\/a><br><a href=\"https:\/\/livestream.com\/legal\/terms\">Livestream<\/a><br><a href=\"https:\/\/soundcloud.com\/pages\/privacy\">SoundCloud<\/a><br><a href=\"https:\/\/www.europarl.europa.eu\/portal\/en\/legal-notice\">Parlement europ\u00e9en<\/a><\/p>\n\n\n\n<div style=\"height:31px\" aria-hidden=\"true\" class=\"wp-block-spacer\"><\/div>\n\n\n\n<p>Ces services fournis par des tiers \u00e9chappent au contr\u00f4le de la Commission. Les prestataires concern\u00e9s peuvent \u00e0 tout moment modifier notamment les conditions d\u2019utilisation de leurs services, la finalit\u00e9 et l\u2019utilisation de leurs cookies, etc.<\/p>\n\n\n\n<div style=\"height:31px\" aria-hidden=\"true\" class=\"wp-block-spacer\"><\/div>\n\n\n\n<h2 class=\"wp-block-heading\" id=\"howcanyoumanagecookies\">Comment g\u00e9rer les cookies?<\/h2>\n\n\n\n<div style=\"height:31px\" aria-hidden=\"true\" class=\"wp-block-spacer\"><\/div>\n\n\n\n<p><strong>Supprimer les cookies sur votre appareil<\/strong><\/p>\n\n\n\n<div style=\"height:31px\" aria-hidden=\"true\" class=\"wp-block-spacer\"><\/div>\n\n\n\n<p>Vous pouvez supprimer tous les cookies qui se trouvent d\u00e9j\u00e0 sur votre appareil en effa\u00e7ant l\u2019historique de navigation de votre navigateur. Tous les cookies des sites que vous avez visit\u00e9s seront ainsi supprim\u00e9s.<\/p>\n\n\n\n<div style=\"height:31px\" aria-hidden=\"true\" class=\"wp-block-spacer\"><\/div>\n\n\n\n<p>Sachez toutefois que vous risquez de perdre certaines informations sauvegard\u00e9es (telles que les informations de connexion ou les pr\u00e9f\u00e9rences relatives aux sites).<\/p>\n\n\n\n<div style=\"height:31px\" aria-hidden=\"true\" class=\"wp-block-spacer\"><\/div>\n\n\n\n<p><strong>G\u00e9rer les cookies propres \u00e0 certains sites<\/strong><\/p>\n\n\n\n<div style=\"height:31px\" aria-hidden=\"true\" class=\"wp-block-spacer\"><\/div>\n\n\n\n<p>Pour pouvoir contr\u00f4ler plus finement les cookies propres aux diff\u00e9rents sites, consultez les param\u00e8tres de votre navigateur relatifs \u00e0 la protection de la vie priv\u00e9e et aux cookies.<\/p>\n\n\n\n<div style=\"height:31px\" aria-hidden=\"true\" class=\"wp-block-spacer\"><\/div>\n\n\n\n<p><strong>Bloquer les cookies<\/strong><\/p>\n\n\n\n<div style=\"height:31px\" aria-hidden=\"true\" class=\"wp-block-spacer\"><\/div>\n\n\n\n<p>La plupart des navigateurs modernes peuvent \u00eatre configur\u00e9s de mani\u00e8re \u00e0 emp\u00eacher l\u2019enregistrement de cookies sur votre appareil, mais vous risquez alors de devoir indiquer certaines de vos pr\u00e9f\u00e9rences \u00e0 chaque visite d\u2019un site\/d\u2019une page. Par ailleurs, certains services et fonctionnalit\u00e9s pourraient ne pas \u00eatre disponibles (la connexion au moyen d\u2019un profil, par exemple).<\/p>\n\n\n\n<div style=\"height:31px\" aria-hidden=\"true\" class=\"wp-block-spacer\"><\/div>\n\n\n\n<p><strong>G\u00e9rer nos cookies analytiques<\/strong><\/p>\n\n\n\n<div style=\"height:31px\" aria-hidden=\"true\" class=\"wp-block-spacer\"><\/div>\n\n\n\n<p>Vous pouvez g\u00e9rer vos pr\u00e9f\u00e9rences concernant les cookies provenant de Europa Analytics sur la page consacr\u00e9e \u00e0&nbsp;<a href=\"https:\/\/ec.europa.eu\/info\/privacy-policy\/europa-analytics_en\">Europa Analytics<\/a>.<\/p>\n\n\n\n<div style=\"height:31px\" aria-hidden=\"true\" class=\"wp-block-spacer\"><\/div>\n","protected":false},"excerpt":{"rendered":"<p>Qu&#8217;entend-on par \u00abcookies\u00bb? Un cookie est un petit fichier texte que les sites web stockent sur votre ordinateur ou appareil mobile lorsque vous les consultez. Chaque fois que vous vous rendez sur un site web de la Commission, vous \u00eates invit\u00e9(e) \u00e0&nbsp;accepter ou refuser les cookies. L\u2019objectif est de permettre au site concern\u00e9 de se [&hellip;]<\/p>\n","protected":false},"author":5,"featured_media":1679,"parent":0,"menu_order":0,"comment_status":"closed","ping_status":"closed","template":"","meta":{"_seopress_robots_primary_cat":"","_seopress_titles_title":"","_seopress_titles_desc":"","_seopress_robots_index":"","footnotes":""},"class_list":["post-1684","page","type-page","status-publish","has-post-thumbnail","hentry"],"meta_box":[],"_links":{"self":[{"href":"https:\/\/villas-stoupa.gr\/fr\/wp-json\/wp\/v2\/pages\/1684","targetHints":{"allow":["GET"]}}],"collection":[{"href":"https:\/\/villas-stoupa.gr\/fr\/wp-json\/wp\/v2\/pages"}],"about":[{"href":"https:\/\/villas-stoupa.gr\/fr\/wp-json\/wp\/v2\/types\/page"}],"author":[{"embeddable":true,"href":"https:\/\/villas-stoupa.gr\/fr\/wp-json\/wp\/v2\/users\/5"}],"replies":[{"embeddable":true,"href":"https:\/\/villas-stoupa.gr\/fr\/wp-json\/wp\/v2\/comments?post=1684"}],"version-history":[{"count":3,"href":"https:\/\/villas-stoupa.gr\/fr\/wp-json\/wp\/v2\/pages\/1684\/revisions"}],"predecessor-version":[{"id":2490,"href":"https:\/\/villas-stoupa.gr\/fr\/wp-json\/wp\/v2\/pages\/1684\/revisions\/2490"}],"wp:featuredmedia":[{"embeddable":true,"href":"https:\/\/villas-stoupa.gr\/fr\/wp-json\/wp\/v2\/media\/1679"}],"wp:attachment":[{"href":"https:\/\/villas-stoupa.gr\/fr\/wp-json\/wp\/v2\/media?parent=1684"}],"curies":[{"name":"wp","href":"https:\/\/api.w.org\/{rel}","templated":true}]}}