{"id":1134,"date":"2020-01-02T10:45:49","date_gmt":"2020-01-02T10:45:49","guid":{"rendered":"https:\/\/villas-stoupa.gr\/?page_id=1134"},"modified":"2020-01-03T09:53:35","modified_gmt":"2020-01-03T09:53:35","slug":"estia-mezonete-stoupa","status":"publish","type":"page","link":"https:\/\/villas-stoupa.gr\/fr\/estia-mezonete-stoupa\/","title":{"rendered":"ESTIA MEZONETE STOUPA"},"content":{"rendered":"\n<p><strong>ESTIA <\/strong>a toujours \u00e9t\u00e9 le \u00abcentre de la maison\u00bb, le \u00abcoin\u00bb chaleureux pour toute la famille. Une maison en pierre (maisonnette) de 101 m\u00b2, id\u00e9ale pour les familles avec la capacit\u00e9 d&#8217;accueillir jusqu&#8217;\u00e0 six (6) personnes.<br> \u2022 Au rez-de-chauss\u00e9e il y a un salon, une salle \u00e0 manger, une chemin\u00e9e en pierre, une cuisine enti\u00e8rement \u00e9quip\u00e9e, un d\u00e9barras et un W.C.<br> \u2022 Dans le salon, le canap\u00e9 est transf\u00e9r\u00e9 dans un lit double confortable.<br> \u2022 Au niveau A, il y a deux chambres avec lits doubles ou deux simples.<\/p>\n\n\n\n<p><br><strong> INSTALLATIONS:<br><\/strong> \u2022 Climatisation<br> \u2022Chemin\u00e9e<br> \u2022 \u00c9quipement m\u00e9nager complet, r\u00e9frig\u00e9rateur, cuisini\u00e8re, cafeti\u00e8re, grille-pain<br> \u2022 T.V.-USB, cha\u00eenes c\u00e2bl\u00e9es, acc\u00e8s Internet-WiFi<br> \u2022coffre<br> \u2022 Machine \u00e0 laver, fer et planche \u00e0 repasser et s\u00e8che-cheveux,<br> \u2022 Grand parking<\/p>\n\n\n\n<figure class=\"wp-block-gallery columns-6 is-cropped wp-block-gallery-1 is-layout-flex wp-block-gallery-is-layout-flex\"><ul class=\"blocks-gallery-grid\"><li class=\"blocks-gallery-item\"><figure><img loading=\"lazy\" decoding=\"async\" width=\"1024\" height=\"734\" src=\"https:\/\/villas-stoupa.gr\/wp-content\/uploads\/2019\/12\/DSC_0001-1024x734.jpg\" alt=\"\" data-id=\"629\" data-full-url=\"https:\/\/villas-stoupa.gr\/book\/wp-content\/uploads\/2019\/12\/DSC_0001.jpg\" data-link=\"https:\/\/villas-stoupa.gr\/book\/dsc_0001-2\/\" class=\"wp-image-629\" srcset=\"https:\/\/villas-stoupa.gr\/wp-content\/uploads\/2019\/12\/DSC_0001-1024x734.jpg 1024w, https:\/\/villas-stoupa.gr\/wp-content\/uploads\/2019\/12\/DSC_0001-600x430.jpg 600w, https:\/\/villas-stoupa.gr\/wp-content\/uploads\/2019\/12\/DSC_0001-300x215.jpg 300w, https:\/\/villas-stoupa.gr\/wp-content\/uploads\/2019\/12\/DSC_0001-768x551.jpg 768w, https:\/\/villas-stoupa.gr\/wp-content\/uploads\/2019\/12\/DSC_0001.jpg 1071w\" sizes=\"auto, (max-width: 1024px) 100vw, 1024px\" \/><\/figure><\/li><li class=\"blocks-gallery-item\"><figure><img loading=\"lazy\" decoding=\"async\" width=\"1024\" height=\"683\" src=\"https:\/\/villas-stoupa.gr\/wp-content\/uploads\/2019\/12\/DSC_0065-2-1-1024x683.jpg\" alt=\"\" data-id=\"632\" data-full-url=\"https:\/\/villas-stoupa.gr\/book\/wp-content\/uploads\/2019\/12\/DSC_0065-2-1.jpg\" data-link=\"https:\/\/villas-stoupa.gr\/book\/dsc_0065-2-3\/\" class=\"wp-image-632\" srcset=\"https:\/\/villas-stoupa.gr\/wp-content\/uploads\/2019\/12\/DSC_0065-2-1-1024x683.jpg 1024w, https:\/\/villas-stoupa.gr\/wp-content\/uploads\/2019\/12\/DSC_0065-2-1-600x400.jpg 600w, https:\/\/villas-stoupa.gr\/wp-content\/uploads\/2019\/12\/DSC_0065-2-1-300x200.jpg 300w, https:\/\/villas-stoupa.gr\/wp-content\/uploads\/2019\/12\/DSC_0065-2-1-768x512.jpg 768w, https:\/\/villas-stoupa.gr\/wp-content\/uploads\/2019\/12\/DSC_0065-2-1.jpg 1151w\" sizes=\"auto, (max-width: 1024px) 100vw, 1024px\" \/><\/figure><\/li><li class=\"blocks-gallery-item\"><figure><img decoding=\"async\" src=\"https:\/\/villas-stoupa.gr\/wp-content\/uploads\/2019\/12\/DSC_0093-2-1-1024x683.jpg\" alt=\"\" data-id=\"635\" data-full-url=\"https:\/\/villas-stoupa.gr\/book\/wp-content\/uploads\/2019\/12\/DSC_0093-2-1.jpg\" data-link=\"https:\/\/villas-stoupa.gr\/book\/dsc_0093-2-3\/\" class=\"wp-image-635\"\/><\/figure><\/li><li class=\"blocks-gallery-item\"><figure><img loading=\"lazy\" decoding=\"async\" width=\"1024\" height=\"683\" src=\"https:\/\/villas-stoupa.gr\/wp-content\/uploads\/2019\/12\/DSC_0102-2-1-1024x683.jpg\" alt=\"\" data-id=\"638\" data-full-url=\"https:\/\/villas-stoupa.gr\/book\/wp-content\/uploads\/2019\/12\/DSC_0102-2-1.jpg\" data-link=\"https:\/\/villas-stoupa.gr\/book\/dsc_0102-2-3\/\" class=\"wp-image-638\" srcset=\"https:\/\/villas-stoupa.gr\/wp-content\/uploads\/2019\/12\/DSC_0102-2-1-1024x683.jpg 1024w, https:\/\/villas-stoupa.gr\/wp-content\/uploads\/2019\/12\/DSC_0102-2-1-600x400.jpg 600w, https:\/\/villas-stoupa.gr\/wp-content\/uploads\/2019\/12\/DSC_0102-2-1-300x200.jpg 300w, https:\/\/villas-stoupa.gr\/wp-content\/uploads\/2019\/12\/DSC_0102-2-1-768x512.jpg 768w, https:\/\/villas-stoupa.gr\/wp-content\/uploads\/2019\/12\/DSC_0102-2-1.jpg 1151w\" sizes=\"auto, (max-width: 1024px) 100vw, 1024px\" \/><\/figure><\/li><li class=\"blocks-gallery-item\"><figure><img loading=\"lazy\" decoding=\"async\" width=\"1151\" height=\"768\" src=\"https:\/\/villas-stoupa.gr\/wp-content\/uploads\/2019\/12\/DSC_0104-2-1.jpg\" alt=\"\" data-id=\"641\" data-full-url=\"https:\/\/villas-stoupa.gr\/book\/wp-content\/uploads\/2019\/12\/DSC_0104-2-1.jpg\" data-link=\"https:\/\/villas-stoupa.gr\/book\/dsc_0104-2-3\/\" class=\"wp-image-641\" srcset=\"https:\/\/villas-stoupa.gr\/wp-content\/uploads\/2019\/12\/DSC_0104-2-1.jpg 1151w, https:\/\/villas-stoupa.gr\/wp-content\/uploads\/2019\/12\/DSC_0104-2-1-600x400.jpg 600w, https:\/\/villas-stoupa.gr\/wp-content\/uploads\/2019\/12\/DSC_0104-2-1-300x200.jpg 300w, https:\/\/villas-stoupa.gr\/wp-content\/uploads\/2019\/12\/DSC_0104-2-1-1024x683.jpg 1024w, https:\/\/villas-stoupa.gr\/wp-content\/uploads\/2019\/12\/DSC_0104-2-1-768x512.jpg 768w\" sizes=\"auto, (max-width: 1151px) 100vw, 1151px\" \/><\/figure><\/li><li class=\"blocks-gallery-item\"><figure><img loading=\"lazy\" decoding=\"async\" width=\"1024\" height=\"683\" src=\"https:\/\/villas-stoupa.gr\/wp-content\/uploads\/2019\/12\/DSC_0116-2-1024x683.jpg\" alt=\"\" data-id=\"644\" data-full-url=\"https:\/\/villas-stoupa.gr\/book\/wp-content\/uploads\/2019\/12\/DSC_0116-2.jpg\" data-link=\"https:\/\/villas-stoupa.gr\/book\/dsc_0116-2-3\/\" class=\"wp-image-644\" srcset=\"https:\/\/villas-stoupa.gr\/wp-content\/uploads\/2019\/12\/DSC_0116-2-1024x683.jpg 1024w, https:\/\/villas-stoupa.gr\/wp-content\/uploads\/2019\/12\/DSC_0116-2-600x400.jpg 600w, https:\/\/villas-stoupa.gr\/wp-content\/uploads\/2019\/12\/DSC_0116-2-300x200.jpg 300w, https:\/\/villas-stoupa.gr\/wp-content\/uploads\/2019\/12\/DSC_0116-2-768x512.jpg 768w, https:\/\/villas-stoupa.gr\/wp-content\/uploads\/2019\/12\/DSC_0116-2.jpg 1151w\" sizes=\"auto, (max-width: 1024px) 100vw, 1024px\" \/><\/figure><\/li><li class=\"blocks-gallery-item\"><figure><img loading=\"lazy\" decoding=\"async\" width=\"513\" height=\"768\" src=\"https:\/\/villas-stoupa.gr\/wp-content\/uploads\/2019\/12\/DSC_0127-2.jpg\" alt=\"\" data-id=\"647\" data-full-url=\"https:\/\/villas-stoupa.gr\/wp-content\/uploads\/2019\/12\/DSC_0127-2.jpg\" data-link=\"https:\/\/villas-stoupa.gr\/book\/dsc_0127-2-2-2\/\" class=\"wp-image-647\" srcset=\"https:\/\/villas-stoupa.gr\/wp-content\/uploads\/2019\/12\/DSC_0127-2.jpg 513w, https:\/\/villas-stoupa.gr\/wp-content\/uploads\/2019\/12\/DSC_0127-2-200x300.jpg 200w\" sizes=\"auto, (max-width: 513px) 100vw, 513px\" \/><\/figure><\/li><li class=\"blocks-gallery-item\"><figure><img loading=\"lazy\" decoding=\"async\" width=\"1024\" height=\"683\" src=\"https:\/\/villas-stoupa.gr\/wp-content\/uploads\/2019\/12\/DSC_0287-1-1024x683.jpg\" alt=\"\" data-id=\"650\" data-full-url=\"https:\/\/villas-stoupa.gr\/book\/wp-content\/uploads\/2019\/12\/DSC_0287-1.jpg\" data-link=\"https:\/\/villas-stoupa.gr\/book\/dsc_0287-1-2\/\" class=\"wp-image-650\" srcset=\"https:\/\/villas-stoupa.gr\/wp-content\/uploads\/2019\/12\/DSC_0287-1-1024x683.jpg 1024w, https:\/\/villas-stoupa.gr\/wp-content\/uploads\/2019\/12\/DSC_0287-1-600x400.jpg 600w, https:\/\/villas-stoupa.gr\/wp-content\/uploads\/2019\/12\/DSC_0287-1-300x200.jpg 300w, https:\/\/villas-stoupa.gr\/wp-content\/uploads\/2019\/12\/DSC_0287-1-768x512.jpg 768w, https:\/\/villas-stoupa.gr\/wp-content\/uploads\/2019\/12\/DSC_0287-1.jpg 1151w\" sizes=\"auto, (max-width: 1024px) 100vw, 1024px\" \/><\/figure><\/li><li class=\"blocks-gallery-item\"><figure><img loading=\"lazy\" decoding=\"async\" width=\"1024\" height=\"683\" src=\"https:\/\/villas-stoupa.gr\/wp-content\/uploads\/2019\/12\/DSC_0292-1-1024x683.jpg\" alt=\"\" data-id=\"653\" data-full-url=\"https:\/\/villas-stoupa.gr\/book\/wp-content\/uploads\/2019\/12\/DSC_0292-1.jpg\" data-link=\"https:\/\/villas-stoupa.gr\/book\/dsc_0292-1-2\/\" class=\"wp-image-653\" srcset=\"https:\/\/villas-stoupa.gr\/wp-content\/uploads\/2019\/12\/DSC_0292-1-1024x683.jpg 1024w, https:\/\/villas-stoupa.gr\/wp-content\/uploads\/2019\/12\/DSC_0292-1-600x400.jpg 600w, https:\/\/villas-stoupa.gr\/wp-content\/uploads\/2019\/12\/DSC_0292-1-300x200.jpg 300w, https:\/\/villas-stoupa.gr\/wp-content\/uploads\/2019\/12\/DSC_0292-1-768x512.jpg 768w, https:\/\/villas-stoupa.gr\/wp-content\/uploads\/2019\/12\/DSC_0292-1.jpg 1151w\" sizes=\"auto, (max-width: 1024px) 100vw, 1024px\" \/><\/figure><\/li><li class=\"blocks-gallery-item\"><figure><img loading=\"lazy\" decoding=\"async\" width=\"1024\" height=\"684\" src=\"https:\/\/villas-stoupa.gr\/wp-content\/uploads\/2019\/12\/KOR_0334-1-1024x684.jpg\" alt=\"\" data-id=\"680\" data-full-url=\"https:\/\/villas-stoupa.gr\/book\/wp-content\/uploads\/2019\/12\/KOR_0334-1.jpg\" data-link=\"https:\/\/villas-stoupa.gr\/book\/kor_0334-1-2\/\" class=\"wp-image-680\" srcset=\"https:\/\/villas-stoupa.gr\/wp-content\/uploads\/2019\/12\/KOR_0334-1-1024x684.jpg 1024w, https:\/\/villas-stoupa.gr\/wp-content\/uploads\/2019\/12\/KOR_0334-1-600x401.jpg 600w, https:\/\/villas-stoupa.gr\/wp-content\/uploads\/2019\/12\/KOR_0334-1-300x200.jpg 300w, https:\/\/villas-stoupa.gr\/wp-content\/uploads\/2019\/12\/KOR_0334-1-768x513.jpg 768w, https:\/\/villas-stoupa.gr\/wp-content\/uploads\/2019\/12\/KOR_0334-1.jpg 1150w\" sizes=\"auto, (max-width: 1024px) 100vw, 1024px\" \/><\/figure><\/li><li class=\"blocks-gallery-item\"><figure><img loading=\"lazy\" decoding=\"async\" width=\"1024\" height=\"684\" src=\"https:\/\/villas-stoupa.gr\/wp-content\/uploads\/2019\/12\/KOR_0326-1-1024x684.jpg\" alt=\"\" data-id=\"677\" data-full-url=\"https:\/\/villas-stoupa.gr\/book\/wp-content\/uploads\/2019\/12\/KOR_0326-1.jpg\" data-link=\"https:\/\/villas-stoupa.gr\/book\/kor_0326-1-2\/\" class=\"wp-image-677\" srcset=\"https:\/\/villas-stoupa.gr\/wp-content\/uploads\/2019\/12\/KOR_0326-1-1024x684.jpg 1024w, https:\/\/villas-stoupa.gr\/wp-content\/uploads\/2019\/12\/KOR_0326-1-600x401.jpg 600w, https:\/\/villas-stoupa.gr\/wp-content\/uploads\/2019\/12\/KOR_0326-1-300x200.jpg 300w, https:\/\/villas-stoupa.gr\/wp-content\/uploads\/2019\/12\/KOR_0326-1-768x513.jpg 768w, https:\/\/villas-stoupa.gr\/wp-content\/uploads\/2019\/12\/KOR_0326-1.jpg 1150w\" sizes=\"auto, (max-width: 1024px) 100vw, 1024px\" \/><\/figure><\/li><li class=\"blocks-gallery-item\"><figure><img loading=\"lazy\" decoding=\"async\" width=\"1024\" height=\"684\" src=\"https:\/\/villas-stoupa.gr\/wp-content\/uploads\/2019\/12\/KOR_0321-1-1024x684.jpg\" alt=\"\" data-id=\"674\" data-full-url=\"https:\/\/villas-stoupa.gr\/book\/wp-content\/uploads\/2019\/12\/KOR_0321-1.jpg\" data-link=\"https:\/\/villas-stoupa.gr\/book\/kor_0321-1-2\/\" class=\"wp-image-674\" srcset=\"https:\/\/villas-stoupa.gr\/wp-content\/uploads\/2019\/12\/KOR_0321-1-1024x684.jpg 1024w, https:\/\/villas-stoupa.gr\/wp-content\/uploads\/2019\/12\/KOR_0321-1-600x401.jpg 600w, https:\/\/villas-stoupa.gr\/wp-content\/uploads\/2019\/12\/KOR_0321-1-300x200.jpg 300w, https:\/\/villas-stoupa.gr\/wp-content\/uploads\/2019\/12\/KOR_0321-1-768x513.jpg 768w, https:\/\/villas-stoupa.gr\/wp-content\/uploads\/2019\/12\/KOR_0321-1.jpg 1150w\" sizes=\"auto, (max-width: 1024px) 100vw, 1024px\" \/><\/figure><\/li><li class=\"blocks-gallery-item\"><figure><img loading=\"lazy\" decoding=\"async\" width=\"1024\" height=\"684\" src=\"https:\/\/villas-stoupa.gr\/wp-content\/uploads\/2019\/12\/KOR_0274-1-1024x684.jpg\" alt=\"\" data-id=\"671\" data-full-url=\"https:\/\/villas-stoupa.gr\/book\/wp-content\/uploads\/2019\/12\/KOR_0274-1.jpg\" data-link=\"https:\/\/villas-stoupa.gr\/book\/kor_0274-1-2\/\" class=\"wp-image-671\" srcset=\"https:\/\/villas-stoupa.gr\/wp-content\/uploads\/2019\/12\/KOR_0274-1-1024x684.jpg 1024w, https:\/\/villas-stoupa.gr\/wp-content\/uploads\/2019\/12\/KOR_0274-1-600x401.jpg 600w, https:\/\/villas-stoupa.gr\/wp-content\/uploads\/2019\/12\/KOR_0274-1-300x200.jpg 300w, https:\/\/villas-stoupa.gr\/wp-content\/uploads\/2019\/12\/KOR_0274-1-768x513.jpg 768w, https:\/\/villas-stoupa.gr\/wp-content\/uploads\/2019\/12\/KOR_0274-1.jpg 1150w\" sizes=\"auto, (max-width: 1024px) 100vw, 1024px\" \/><\/figure><\/li><li class=\"blocks-gallery-item\"><figure><img loading=\"lazy\" decoding=\"async\" width=\"1024\" height=\"684\" src=\"https:\/\/villas-stoupa.gr\/wp-content\/uploads\/2019\/12\/KOR_0253-1-1024x684.jpg\" alt=\"\" data-id=\"665\" data-full-url=\"https:\/\/villas-stoupa.gr\/book\/wp-content\/uploads\/2019\/12\/KOR_0253-1.jpg\" data-link=\"https:\/\/villas-stoupa.gr\/book\/kor_0253-1-2\/\" class=\"wp-image-665\" srcset=\"https:\/\/villas-stoupa.gr\/wp-content\/uploads\/2019\/12\/KOR_0253-1-1024x684.jpg 1024w, https:\/\/villas-stoupa.gr\/wp-content\/uploads\/2019\/12\/KOR_0253-1-600x401.jpg 600w, https:\/\/villas-stoupa.gr\/wp-content\/uploads\/2019\/12\/KOR_0253-1-300x200.jpg 300w, https:\/\/villas-stoupa.gr\/wp-content\/uploads\/2019\/12\/KOR_0253-1-768x513.jpg 768w, https:\/\/villas-stoupa.gr\/wp-content\/uploads\/2019\/12\/KOR_0253-1.jpg 1150w\" sizes=\"auto, (max-width: 1024px) 100vw, 1024px\" \/><\/figure><\/li><li class=\"blocks-gallery-item\"><figure><img loading=\"lazy\" decoding=\"async\" width=\"1024\" height=\"684\" src=\"https:\/\/villas-stoupa.gr\/wp-content\/uploads\/2019\/12\/KOR_0250-1-1024x684.jpg\" alt=\"\" data-id=\"662\" data-full-url=\"https:\/\/villas-stoupa.gr\/book\/wp-content\/uploads\/2019\/12\/KOR_0250-1.jpg\" data-link=\"https:\/\/villas-stoupa.gr\/book\/kor_0250-1-2\/\" class=\"wp-image-662\" srcset=\"https:\/\/villas-stoupa.gr\/wp-content\/uploads\/2019\/12\/KOR_0250-1-1024x684.jpg 1024w, https:\/\/villas-stoupa.gr\/wp-content\/uploads\/2019\/12\/KOR_0250-1-600x400.jpg 600w, https:\/\/villas-stoupa.gr\/wp-content\/uploads\/2019\/12\/KOR_0250-1-300x200.jpg 300w, https:\/\/villas-stoupa.gr\/wp-content\/uploads\/2019\/12\/KOR_0250-1-768x513.jpg 768w, https:\/\/villas-stoupa.gr\/wp-content\/uploads\/2019\/12\/KOR_0250-1-1536x1025.jpg 1536w, https:\/\/villas-stoupa.gr\/wp-content\/uploads\/2019\/12\/KOR_0250-1.jpg 1618w\" sizes=\"auto, (max-width: 1024px) 100vw, 1024px\" \/><\/figure><\/li><li class=\"blocks-gallery-item\"><figure><img loading=\"lazy\" decoding=\"async\" width=\"1024\" height=\"684\" src=\"https:\/\/villas-stoupa.gr\/wp-content\/uploads\/2019\/12\/KOR_0233-1-1024x684.jpg\" alt=\"\" data-id=\"659\" data-full-url=\"https:\/\/villas-stoupa.gr\/book\/wp-content\/uploads\/2019\/12\/KOR_0233-1.jpg\" data-link=\"https:\/\/villas-stoupa.gr\/book\/kor_0233-1-2\/\" class=\"wp-image-659\" srcset=\"https:\/\/villas-stoupa.gr\/wp-content\/uploads\/2019\/12\/KOR_0233-1-1024x684.jpg 1024w, https:\/\/villas-stoupa.gr\/wp-content\/uploads\/2019\/12\/KOR_0233-1-600x401.jpg 600w, https:\/\/villas-stoupa.gr\/wp-content\/uploads\/2019\/12\/KOR_0233-1-300x200.jpg 300w, https:\/\/villas-stoupa.gr\/wp-content\/uploads\/2019\/12\/KOR_0233-1-768x513.jpg 768w, https:\/\/villas-stoupa.gr\/wp-content\/uploads\/2019\/12\/KOR_0233-1.jpg 1150w\" sizes=\"auto, (max-width: 1024px) 100vw, 1024px\" \/><\/figure><\/li><li class=\"blocks-gallery-item\"><figure><img loading=\"lazy\" decoding=\"async\" width=\"1024\" height=\"683\" src=\"https:\/\/villas-stoupa.gr\/wp-content\/uploads\/2019\/12\/DSC_0298-2-1024x683.jpg\" alt=\"\" data-id=\"656\" data-full-url=\"https:\/\/villas-stoupa.gr\/book\/wp-content\/uploads\/2019\/12\/DSC_0298-2.jpg\" data-link=\"https:\/\/villas-stoupa.gr\/book\/dsc_0298-2-2-2\/\" class=\"wp-image-656\" srcset=\"https:\/\/villas-stoupa.gr\/wp-content\/uploads\/2019\/12\/DSC_0298-2-1024x683.jpg 1024w, https:\/\/villas-stoupa.gr\/wp-content\/uploads\/2019\/12\/DSC_0298-2-600x400.jpg 600w, https:\/\/villas-stoupa.gr\/wp-content\/uploads\/2019\/12\/DSC_0298-2-300x200.jpg 300w, https:\/\/villas-stoupa.gr\/wp-content\/uploads\/2019\/12\/DSC_0298-2-768x512.jpg 768w, https:\/\/villas-stoupa.gr\/wp-content\/uploads\/2019\/12\/DSC_0298-2.jpg 1151w\" sizes=\"auto, (max-width: 1024px) 100vw, 1024px\" \/><\/figure><\/li><li class=\"blocks-gallery-item\"><figure><img loading=\"lazy\" decoding=\"async\" width=\"1024\" height=\"684\" src=\"https:\/\/villas-stoupa.gr\/wp-content\/uploads\/2019\/12\/KOR_0260-1-1024x684.jpg\" alt=\"\" data-id=\"668\" data-full-url=\"https:\/\/villas-stoupa.gr\/book\/wp-content\/uploads\/2019\/12\/KOR_0260-1.jpg\" data-link=\"https:\/\/villas-stoupa.gr\/book\/kor_0260-1-2\/\" class=\"wp-image-668\" srcset=\"https:\/\/villas-stoupa.gr\/wp-content\/uploads\/2019\/12\/KOR_0260-1-1024x684.jpg 1024w, https:\/\/villas-stoupa.gr\/wp-content\/uploads\/2019\/12\/KOR_0260-1-600x401.jpg 600w, https:\/\/villas-stoupa.gr\/wp-content\/uploads\/2019\/12\/KOR_0260-1-300x200.jpg 300w, https:\/\/villas-stoupa.gr\/wp-content\/uploads\/2019\/12\/KOR_0260-1-768x513.jpg 768w, https:\/\/villas-stoupa.gr\/wp-content\/uploads\/2019\/12\/KOR_0260-1.jpg 1150w\" sizes=\"auto, (max-width: 1024px) 100vw, 1024px\" \/><\/figure><\/li><\/ul><\/figure>\n","protected":false},"excerpt":{"rendered":"<p>ESTIA a toujours \u00e9t\u00e9 le \u00abcentre de la maison\u00bb, le \u00abcoin\u00bb chaleureux pour toute la famille. Une maison en pierre (maisonnette) de 101 m\u00b2, id\u00e9ale pour les familles avec la capacit\u00e9 d&#8217;accueillir jusqu&#8217;\u00e0 six (6) personnes. \u2022 Au rez-de-chauss\u00e9e il y a un salon, une salle \u00e0 manger, une chemin\u00e9e en pierre, une cuisine enti\u00e8rement [&hellip;]<\/p>\n","protected":false},"author":4,"featured_media":0,"parent":0,"menu_order":0,"comment_status":"closed","ping_status":"closed","template":"","meta":{"_seopress_robots_primary_cat":"","_seopress_titles_title":"ESTIA MEZONETE STOUPA","_seopress_titles_desc":"ESTIA a toujours \u00e9t\u00e9 le \u00abcentre de la maison\u00bb, le \u00abcoin\u00bb chaleureux pour toute la famille. Une maison en pierre (maisonnette) de 101 m\u00b2, id\u00e9ale pour les familles avec la capacit\u00e9 d&#039;accueillir jusqu&#039;\u00e0 six (6) personnes.","_seopress_robots_index":"","footnotes":""},"class_list":["post-1134","page","type-page","status-publish","hentry"],"meta_box":[],"_links":{"self":[{"href":"https:\/\/villas-stoupa.gr\/fr\/wp-json\/wp\/v2\/pages\/1134","targetHints":{"allow":["GET"]}}],"collection":[{"href":"https:\/\/villas-stoupa.gr\/fr\/wp-json\/wp\/v2\/pages"}],"about":[{"href":"https:\/\/villas-stoupa.gr\/fr\/wp-json\/wp\/v2\/types\/page"}],"author":[{"embeddable":true,"href":"https:\/\/villas-stoupa.gr\/fr\/wp-json\/wp\/v2\/users\/4"}],"replies":[{"embeddable":true,"href":"https:\/\/villas-stoupa.gr\/fr\/wp-json\/wp\/v2\/comments?post=1134"}],"version-history":[{"count":2,"href":"https:\/\/villas-stoupa.gr\/fr\/wp-json\/wp\/v2\/pages\/1134\/revisions"}],"predecessor-version":[{"id":1224,"href":"https:\/\/villas-stoupa.gr\/fr\/wp-json\/wp\/v2\/pages\/1134\/revisions\/1224"}],"wp:attachment":[{"href":"https:\/\/villas-stoupa.gr\/fr\/wp-json\/wp\/v2\/media?parent=1134"}],"curies":[{"name":"wp","href":"https:\/\/api.w.org\/{rel}","templated":true}]}}