{"id":1132,"date":"2020-01-02T10:44:37","date_gmt":"2020-01-02T10:44:37","guid":{"rendered":"https:\/\/villas-stoupa.gr\/?page_id=1132"},"modified":"2020-01-03T09:55:42","modified_gmt":"2020-01-03T09:55:42","slug":"nostos-maisonnette-stoupa","status":"publish","type":"page","link":"https:\/\/villas-stoupa.gr\/fr\/nostos-maisonnette-stoupa\/","title":{"rendered":"NOSTOS MAISONNETTE STOUPA"},"content":{"rendered":"\n<p><strong>NOSTOS <\/strong>\u00e9tait une douce nostalgie du retour \u00e0 la patrie. Une maison en pierre (maisonnette) de 80 m\u00b2 pouvant accueillir jusqu&#8217;\u00e0 quatre (4) personnes.<br>Au rez-de-chauss\u00e9e il y a un salon dans lequel le canap\u00e9 est transf\u00e9r\u00e9 dans un confortable lit double ou deux lits simples, une salle \u00e0 manger, une cuisine et un W.C.<br> A l&#8217;\u00e9tage A il y a une chambre avec un lit double ou deux lits simples et une salle de bain.<\/p>\n\n\n\n<p><br> <strong>INSTALLATIONS<\/strong>:<br> \u2022 Climatisation<br> \u2022 \u00c9quipement m\u00e9nager complet, r\u00e9frig\u00e9rateur, cuisini\u00e8re, cafeti\u00e8re, grille-pain<br> \u2022 T.V.-USB, acc\u00e8s Internet-WiFi, coffre-fort<br> \u2022 Machine \u00e0 laver, fer et planche \u00e0 repasser et s\u00e8che-cheveux<br> \u2022 Grand parking<\/p>\n\n\n\n<figure class=\"wp-block-gallery columns-6 is-cropped wp-block-gallery-1 is-layout-flex wp-block-gallery-is-layout-flex\"><ul class=\"blocks-gallery-grid\"><li class=\"blocks-gallery-item\"><figure><img loading=\"lazy\" decoding=\"async\" width=\"1024\" height=\"673\" src=\"https:\/\/villas-stoupa.gr\/wp-content\/uploads\/2019\/12\/DSC_0101-1-1024x673.jpg\" alt=\"\" data-id=\"686\" data-full-url=\"https:\/\/villas-stoupa.gr\/book\/wp-content\/uploads\/2019\/12\/DSC_0101-1.jpg\" data-link=\"https:\/\/villas-stoupa.gr\/book\/?attachment_id=686\" class=\"wp-image-686\" srcset=\"https:\/\/villas-stoupa.gr\/wp-content\/uploads\/2019\/12\/DSC_0101-1-1024x673.jpg 1024w, https:\/\/villas-stoupa.gr\/wp-content\/uploads\/2019\/12\/DSC_0101-1-600x394.jpg 600w, https:\/\/villas-stoupa.gr\/wp-content\/uploads\/2019\/12\/DSC_0101-1-300x197.jpg 300w, https:\/\/villas-stoupa.gr\/wp-content\/uploads\/2019\/12\/DSC_0101-1-768x505.jpg 768w, https:\/\/villas-stoupa.gr\/wp-content\/uploads\/2019\/12\/DSC_0101-1.jpg 1169w\" sizes=\"auto, (max-width: 1024px) 100vw, 1024px\" \/><\/figure><\/li><li class=\"blocks-gallery-item\"><figure><img loading=\"lazy\" decoding=\"async\" width=\"1024\" height=\"683\" src=\"https:\/\/villas-stoupa.gr\/wp-content\/uploads\/2019\/12\/DSC_0232-2-1024x683.jpg\" alt=\"\" data-id=\"689\" data-full-url=\"https:\/\/villas-stoupa.gr\/book\/wp-content\/uploads\/2019\/12\/DSC_0232-2.jpg\" data-link=\"https:\/\/villas-stoupa.gr\/book\/?attachment_id=689\" class=\"wp-image-689\" srcset=\"https:\/\/villas-stoupa.gr\/wp-content\/uploads\/2019\/12\/DSC_0232-2-1024x683.jpg 1024w, https:\/\/villas-stoupa.gr\/wp-content\/uploads\/2019\/12\/DSC_0232-2-600x400.jpg 600w, https:\/\/villas-stoupa.gr\/wp-content\/uploads\/2019\/12\/DSC_0232-2-300x200.jpg 300w, https:\/\/villas-stoupa.gr\/wp-content\/uploads\/2019\/12\/DSC_0232-2-768x512.jpg 768w, https:\/\/villas-stoupa.gr\/wp-content\/uploads\/2019\/12\/DSC_0232-2.jpg 1151w\" sizes=\"auto, (max-width: 1024px) 100vw, 1024px\" \/><\/figure><\/li><li class=\"blocks-gallery-item\"><figure><img loading=\"lazy\" decoding=\"async\" width=\"1024\" height=\"683\" src=\"https:\/\/villas-stoupa.gr\/wp-content\/uploads\/2019\/12\/DSC_0241-2-1024x683.jpg\" alt=\"\" data-id=\"692\" data-full-url=\"https:\/\/villas-stoupa.gr\/book\/wp-content\/uploads\/2019\/12\/DSC_0241-2.jpg\" data-link=\"https:\/\/villas-stoupa.gr\/book\/?attachment_id=692\" class=\"wp-image-692\" srcset=\"https:\/\/villas-stoupa.gr\/wp-content\/uploads\/2019\/12\/DSC_0241-2-1024x683.jpg 1024w, https:\/\/villas-stoupa.gr\/wp-content\/uploads\/2019\/12\/DSC_0241-2-600x400.jpg 600w, https:\/\/villas-stoupa.gr\/wp-content\/uploads\/2019\/12\/DSC_0241-2-300x200.jpg 300w, https:\/\/villas-stoupa.gr\/wp-content\/uploads\/2019\/12\/DSC_0241-2-768x512.jpg 768w, https:\/\/villas-stoupa.gr\/wp-content\/uploads\/2019\/12\/DSC_0241-2.jpg 1151w\" sizes=\"auto, (max-width: 1024px) 100vw, 1024px\" \/><\/figure><\/li><li class=\"blocks-gallery-item\"><figure><img loading=\"lazy\" decoding=\"async\" width=\"513\" height=\"768\" src=\"https:\/\/villas-stoupa.gr\/wp-content\/uploads\/2019\/12\/DSC_0281-2-1.jpg\" alt=\"\" data-id=\"695\" data-full-url=\"https:\/\/villas-stoupa.gr\/wp-content\/uploads\/2019\/12\/DSC_0281-2-1.jpg\" data-link=\"https:\/\/villas-stoupa.gr\/book\/?attachment_id=695\" class=\"wp-image-695\" srcset=\"https:\/\/villas-stoupa.gr\/wp-content\/uploads\/2019\/12\/DSC_0281-2-1.jpg 513w, https:\/\/villas-stoupa.gr\/wp-content\/uploads\/2019\/12\/DSC_0281-2-1-200x300.jpg 200w\" sizes=\"auto, (max-width: 513px) 100vw, 513px\" \/><\/figure><\/li><li class=\"blocks-gallery-item\"><figure><img loading=\"lazy\" decoding=\"async\" width=\"513\" height=\"768\" src=\"https:\/\/villas-stoupa.gr\/wp-content\/uploads\/2019\/12\/KOR_0120-1.jpg\" alt=\"\" data-id=\"698\" data-full-url=\"https:\/\/villas-stoupa.gr\/wp-content\/uploads\/2019\/12\/KOR_0120-1.jpg\" data-link=\"https:\/\/villas-stoupa.gr\/book\/?attachment_id=698\" class=\"wp-image-698\" srcset=\"https:\/\/villas-stoupa.gr\/wp-content\/uploads\/2019\/12\/KOR_0120-1.jpg 513w, https:\/\/villas-stoupa.gr\/wp-content\/uploads\/2019\/12\/KOR_0120-1-200x300.jpg 200w\" sizes=\"auto, (max-width: 513px) 100vw, 513px\" \/><\/figure><\/li><li class=\"blocks-gallery-item\"><figure><img loading=\"lazy\" decoding=\"async\" width=\"1024\" height=\"684\" src=\"https:\/\/villas-stoupa.gr\/wp-content\/uploads\/2019\/12\/KOR_0124-1-1024x684.jpg\" alt=\"\" data-id=\"701\" data-full-url=\"https:\/\/villas-stoupa.gr\/book\/wp-content\/uploads\/2019\/12\/KOR_0124-1.jpg\" data-link=\"https:\/\/villas-stoupa.gr\/book\/?attachment_id=701\" class=\"wp-image-701\" srcset=\"https:\/\/villas-stoupa.gr\/wp-content\/uploads\/2019\/12\/KOR_0124-1-1024x684.jpg 1024w, https:\/\/villas-stoupa.gr\/wp-content\/uploads\/2019\/12\/KOR_0124-1-600x401.jpg 600w, https:\/\/villas-stoupa.gr\/wp-content\/uploads\/2019\/12\/KOR_0124-1-300x200.jpg 300w, https:\/\/villas-stoupa.gr\/wp-content\/uploads\/2019\/12\/KOR_0124-1-768x513.jpg 768w, https:\/\/villas-stoupa.gr\/wp-content\/uploads\/2019\/12\/KOR_0124-1.jpg 1150w\" sizes=\"auto, (max-width: 1024px) 100vw, 1024px\" \/><\/figure><\/li><li class=\"blocks-gallery-item\"><figure><img loading=\"lazy\" decoding=\"async\" width=\"1024\" height=\"684\" src=\"https:\/\/villas-stoupa.gr\/wp-content\/uploads\/2019\/12\/KOR_0141-1-1024x684.jpg\" alt=\"\" data-id=\"704\" data-full-url=\"https:\/\/villas-stoupa.gr\/book\/wp-content\/uploads\/2019\/12\/KOR_0141-1.jpg\" data-link=\"https:\/\/villas-stoupa.gr\/book\/?attachment_id=704\" class=\"wp-image-704\" srcset=\"https:\/\/villas-stoupa.gr\/wp-content\/uploads\/2019\/12\/KOR_0141-1-1024x684.jpg 1024w, https:\/\/villas-stoupa.gr\/wp-content\/uploads\/2019\/12\/KOR_0141-1-600x401.jpg 600w, https:\/\/villas-stoupa.gr\/wp-content\/uploads\/2019\/12\/KOR_0141-1-300x200.jpg 300w, https:\/\/villas-stoupa.gr\/wp-content\/uploads\/2019\/12\/KOR_0141-1-768x513.jpg 768w, https:\/\/villas-stoupa.gr\/wp-content\/uploads\/2019\/12\/KOR_0141-1.jpg 1150w\" sizes=\"auto, (max-width: 1024px) 100vw, 1024px\" \/><\/figure><\/li><li class=\"blocks-gallery-item\"><figure><img loading=\"lazy\" decoding=\"async\" width=\"1024\" height=\"684\" src=\"https:\/\/villas-stoupa.gr\/wp-content\/uploads\/2019\/12\/KOR_0151-1-1024x684.jpg\" alt=\"\" data-id=\"707\" data-full-url=\"https:\/\/villas-stoupa.gr\/book\/wp-content\/uploads\/2019\/12\/KOR_0151-1.jpg\" data-link=\"https:\/\/villas-stoupa.gr\/book\/?attachment_id=707\" class=\"wp-image-707\" srcset=\"https:\/\/villas-stoupa.gr\/wp-content\/uploads\/2019\/12\/KOR_0151-1-1024x684.jpg 1024w, https:\/\/villas-stoupa.gr\/wp-content\/uploads\/2019\/12\/KOR_0151-1-600x401.jpg 600w, https:\/\/villas-stoupa.gr\/wp-content\/uploads\/2019\/12\/KOR_0151-1-300x200.jpg 300w, https:\/\/villas-stoupa.gr\/wp-content\/uploads\/2019\/12\/KOR_0151-1-768x513.jpg 768w, https:\/\/villas-stoupa.gr\/wp-content\/uploads\/2019\/12\/KOR_0151-1.jpg 1150w\" sizes=\"auto, (max-width: 1024px) 100vw, 1024px\" \/><\/figure><\/li><li class=\"blocks-gallery-item\"><figure><img loading=\"lazy\" decoding=\"async\" width=\"1024\" height=\"684\" src=\"https:\/\/villas-stoupa.gr\/wp-content\/uploads\/2019\/12\/KOR_0155-1-1024x684.jpg\" alt=\"\" data-id=\"710\" data-full-url=\"https:\/\/villas-stoupa.gr\/book\/wp-content\/uploads\/2019\/12\/KOR_0155-1.jpg\" data-link=\"https:\/\/villas-stoupa.gr\/book\/?attachment_id=710\" class=\"wp-image-710\" srcset=\"https:\/\/villas-stoupa.gr\/wp-content\/uploads\/2019\/12\/KOR_0155-1-1024x684.jpg 1024w, https:\/\/villas-stoupa.gr\/wp-content\/uploads\/2019\/12\/KOR_0155-1-600x401.jpg 600w, https:\/\/villas-stoupa.gr\/wp-content\/uploads\/2019\/12\/KOR_0155-1-300x200.jpg 300w, https:\/\/villas-stoupa.gr\/wp-content\/uploads\/2019\/12\/KOR_0155-1-768x513.jpg 768w, https:\/\/villas-stoupa.gr\/wp-content\/uploads\/2019\/12\/KOR_0155-1.jpg 1150w\" sizes=\"auto, (max-width: 1024px) 100vw, 1024px\" \/><\/figure><\/li><li class=\"blocks-gallery-item\"><figure><img loading=\"lazy\" decoding=\"async\" width=\"1024\" height=\"684\" src=\"https:\/\/villas-stoupa.gr\/wp-content\/uploads\/2019\/12\/KOR_0161-1-1024x684.jpg\" alt=\"\" data-id=\"713\" data-full-url=\"https:\/\/villas-stoupa.gr\/book\/wp-content\/uploads\/2019\/12\/KOR_0161-1.jpg\" data-link=\"https:\/\/villas-stoupa.gr\/book\/?attachment_id=713\" class=\"wp-image-713\" srcset=\"https:\/\/villas-stoupa.gr\/wp-content\/uploads\/2019\/12\/KOR_0161-1-1024x684.jpg 1024w, https:\/\/villas-stoupa.gr\/wp-content\/uploads\/2019\/12\/KOR_0161-1-600x401.jpg 600w, https:\/\/villas-stoupa.gr\/wp-content\/uploads\/2019\/12\/KOR_0161-1-300x200.jpg 300w, https:\/\/villas-stoupa.gr\/wp-content\/uploads\/2019\/12\/KOR_0161-1-768x513.jpg 768w, https:\/\/villas-stoupa.gr\/wp-content\/uploads\/2019\/12\/KOR_0161-1.jpg 1150w\" sizes=\"auto, (max-width: 1024px) 100vw, 1024px\" \/><\/figure><\/li><li class=\"blocks-gallery-item\"><figure><img loading=\"lazy\" decoding=\"async\" width=\"1024\" height=\"684\" src=\"https:\/\/villas-stoupa.gr\/wp-content\/uploads\/2019\/12\/KOR_0192-1-1024x684.jpg\" alt=\"\" data-id=\"716\" data-full-url=\"https:\/\/villas-stoupa.gr\/book\/wp-content\/uploads\/2019\/12\/KOR_0192-1.jpg\" data-link=\"https:\/\/villas-stoupa.gr\/book\/?attachment_id=716\" class=\"wp-image-716\" srcset=\"https:\/\/villas-stoupa.gr\/wp-content\/uploads\/2019\/12\/KOR_0192-1-1024x684.jpg 1024w, https:\/\/villas-stoupa.gr\/wp-content\/uploads\/2019\/12\/KOR_0192-1-600x401.jpg 600w, https:\/\/villas-stoupa.gr\/wp-content\/uploads\/2019\/12\/KOR_0192-1-300x200.jpg 300w, https:\/\/villas-stoupa.gr\/wp-content\/uploads\/2019\/12\/KOR_0192-1-768x513.jpg 768w, https:\/\/villas-stoupa.gr\/wp-content\/uploads\/2019\/12\/KOR_0192-1.jpg 1150w\" sizes=\"auto, (max-width: 1024px) 100vw, 1024px\" \/><\/figure><\/li><li class=\"blocks-gallery-item\"><figure><img loading=\"lazy\" decoding=\"async\" width=\"1024\" height=\"684\" src=\"https:\/\/villas-stoupa.gr\/wp-content\/uploads\/2019\/12\/KOR_0194-1-1024x684.jpg\" alt=\"\" data-id=\"719\" data-full-url=\"https:\/\/villas-stoupa.gr\/book\/wp-content\/uploads\/2019\/12\/KOR_0194-1.jpg\" data-link=\"https:\/\/villas-stoupa.gr\/book\/?attachment_id=719\" class=\"wp-image-719\" srcset=\"https:\/\/villas-stoupa.gr\/wp-content\/uploads\/2019\/12\/KOR_0194-1-1024x684.jpg 1024w, https:\/\/villas-stoupa.gr\/wp-content\/uploads\/2019\/12\/KOR_0194-1-600x400.jpg 600w, https:\/\/villas-stoupa.gr\/wp-content\/uploads\/2019\/12\/KOR_0194-1-300x200.jpg 300w, https:\/\/villas-stoupa.gr\/wp-content\/uploads\/2019\/12\/KOR_0194-1-768x513.jpg 768w, https:\/\/villas-stoupa.gr\/wp-content\/uploads\/2019\/12\/KOR_0194-1-1536x1025.jpg 1536w, https:\/\/villas-stoupa.gr\/wp-content\/uploads\/2019\/12\/KOR_0194-1.jpg 1618w\" sizes=\"auto, (max-width: 1024px) 100vw, 1024px\" \/><\/figure><\/li><\/ul><\/figure>\n","protected":false},"excerpt":{"rendered":"<p>NOSTOS \u00e9tait une douce nostalgie du retour \u00e0 la patrie. Une maison en pierre (maisonnette) de 80 m\u00b2 pouvant accueillir jusqu&#8217;\u00e0 quatre (4) personnes.Au rez-de-chauss\u00e9e il y a un salon dans lequel le canap\u00e9 est transf\u00e9r\u00e9 dans un confortable lit double ou deux lits simples, une salle \u00e0 manger, une cuisine et un W.C. A [&hellip;]<\/p>\n","protected":false},"author":4,"featured_media":0,"parent":0,"menu_order":0,"comment_status":"closed","ping_status":"closed","template":"","meta":{"_seopress_robots_primary_cat":"","_seopress_titles_title":"NOSTOS MAISONNETTE STOUPA","_seopress_titles_desc":"NOSTOS \u00e9tait une douce nostalgie du retour \u00e0 la patrie. Une maison en pierre (maisonnette) de 80 m\u00b2 pouvant accueillir jusqu&#039;\u00e0 quatre (4) personnes.\r\n","_seopress_robots_index":"","footnotes":""},"class_list":["post-1132","page","type-page","status-publish","hentry"],"meta_box":[],"_links":{"self":[{"href":"https:\/\/villas-stoupa.gr\/fr\/wp-json\/wp\/v2\/pages\/1132","targetHints":{"allow":["GET"]}}],"collection":[{"href":"https:\/\/villas-stoupa.gr\/fr\/wp-json\/wp\/v2\/pages"}],"about":[{"href":"https:\/\/villas-stoupa.gr\/fr\/wp-json\/wp\/v2\/types\/page"}],"author":[{"embeddable":true,"href":"https:\/\/villas-stoupa.gr\/fr\/wp-json\/wp\/v2\/users\/4"}],"replies":[{"embeddable":true,"href":"https:\/\/villas-stoupa.gr\/fr\/wp-json\/wp\/v2\/comments?post=1132"}],"version-history":[{"count":3,"href":"https:\/\/villas-stoupa.gr\/fr\/wp-json\/wp\/v2\/pages\/1132\/revisions"}],"predecessor-version":[{"id":1225,"href":"https:\/\/villas-stoupa.gr\/fr\/wp-json\/wp\/v2\/pages\/1132\/revisions\/1225"}],"wp:attachment":[{"href":"https:\/\/villas-stoupa.gr\/fr\/wp-json\/wp\/v2\/media?parent=1132"}],"curies":[{"name":"wp","href":"https:\/\/api.w.org\/{rel}","templated":true}]}}