{"id":1130,"date":"2020-01-02T10:42:24","date_gmt":"2020-01-02T10:42:24","guid":{"rendered":"https:\/\/villas-stoupa.gr\/?page_id=1130"},"modified":"2023-12-14T12:17:49","modified_gmt":"2023-12-14T12:17:49","slug":"mythos-villas-stoupa-holiday-maisonnettes","status":"publish","type":"page","link":"https:\/\/villas-stoupa.gr\/fr\/mythos-villas-stoupa-holiday-maisonnettes\/","title":{"rendered":"Mythos Villas Stoupa"},"content":{"rendered":"\n<div style=\"height:32px\" aria-hidden=\"true\" class=\"wp-block-spacer\"><\/div>\n\n\n\n<p>Dans la pittoresque Stoupa de Mani de Mess\u00e9nie, \u00e0 c\u00f4t\u00e9 de la c\u00e9l\u00e8bre plage de Kalogria, sous le volume montagneux de Taygetos, dans l&#8217;un des plus beaux coins de la terre grecque avec le terrain naturel unique et le r\u00e8glement traditionnel spectaculaire, nous avons cr\u00e9\u00e9 notre propre <strong>MYTHE<\/strong>, dans le respect de l&#8217;environnement et de l&#8217;architecture du quartier.<\/p>\n\n\n\n<div style=\"height:32px\" aria-hidden=\"true\" class=\"wp-block-spacer\"><\/div>\n\n\n\n<p>Le portrait impressionnant du volume montagneux de Taygetos, la ligne d&#8217;horizon bleu infinie, les couchers de soleil impressifs et les vastes oliveraies d\u00e9finissent la sc\u00e8ne id\u00e9ale que l&#8217;on peut appr\u00e9cier depuis les v\u00e9randas de Mythos. Les villas de Mythos, principalement \u00ab<strong>Pontos<\/strong>\u00bb et \u00ab<strong>Estia<\/strong>\u00bb, constituent l&#8217;option id\u00e9ale pour les familles ou les vacances entre amis.<\/p>\n\n\n\n<div style=\"height:32px\" aria-hidden=\"true\" class=\"wp-block-spacer\"><\/div>\n\n\n\n<p><strong>Trois (3) maisons de Mani<\/strong>, traditionnelles ind\u00e9pendantes en pierre: PONTOS, NOSTOS et ESTIA vous attendent pour conna\u00eetre l&#8217;endroit o\u00f9 les h\u00e9ros de la mythologie grecque, les l\u00e9gendaires DIOSKOUROI, KASTOR et POLYDEFKIS ont \u00e9t\u00e9 mystifi\u00e9s pour leur respect aux valeurs universelles indestructibles et leurs id\u00e9aux familiaux \u00e9lev\u00e9s, ainsi que le lieu o\u00f9 le colosse de la litt\u00e9rature grecque et mondiale \u039d\u0399\u039a\u039fS KAZATZAKIS a rencontr\u00e9 et a \u00e9t\u00e9 mystifi\u00e9 dans sa pi\u00e8ce avec son ami ALEXIS ZORBAS.<\/p>\n\n\n\n<div style=\"height:32px\" aria-hidden=\"true\" class=\"wp-block-spacer\"><\/div>\n\n\n\n<p>L&#8217;unit\u00e9 enti\u00e8re couvre une superficie de 2000 m\u00b2, avec une vue imprenable sur la baie de Mess\u00e9nie, de belles oliveraies et le volume montagneux de Taygetos. Ses jardins (500 m2) regorgent d&#8217;herbes et d&#8217;arbres de la flore m\u00e9diterran\u00e9enne. Il comprend \u00e9galement une grande piscine (12x5m) avec syst\u00e8me d&#8217;eau sal\u00e9e, ainsi qu&#8217;une petite piscine jacuzzi.<\/p>\n\n\n\n<div style=\"height:32px\" aria-hidden=\"true\" class=\"wp-block-spacer\"><\/div>\n\n\n\n<p>Sa distance de la mer (la plage spectaculaire de Kalogria) est de 200m et son acc\u00e8s se fait par un beau chemin priv\u00e9 avec des escaliers sculpt\u00e9s en pierre. Ce sentier &#8220;Alexis Zorbas&#8221; est id\u00e9al pour une balade le matin ou l&#8217;apr\u00e8s-midi, au bord de la mer, n&#8217;entendant que les bruits de la nature.<\/p>\n\n\n\n<div style=\"height:32px\" aria-hidden=\"true\" class=\"wp-block-spacer\"><\/div>\n\n\n\n<p>Il est \u00e0 seulement une (1) heure de l&#8217;a\u00e9roport international de Kalamata et de l&#8217;ancienne Messine, \u00e0 une heure et demie (1,5) du palais Hom\u00e8re de Nestoras, des ch\u00e2teaux byzantins de Koroni, Methoni, Pylos et Mystras, deux ( 2) heures de Monemvasia, Olympia, Mycinnae et Epidaurus ainsi qu&#8217;une demi-heure de la grotte unique de Diros.<\/p>\n\n\n\n<div style=\"height:32px\" aria-hidden=\"true\" class=\"wp-block-spacer\"><\/div>\n\n\n\n<p> \u00c0 une distance de 300 et 500 m, il y a deux grands supermarch\u00e9s. Dans la zone plus large de KALOGRIA, il y a des restaurants, des caf\u00e9s et des bars.<\/p>\n\n\n\n<div style=\"height:32px\" aria-hidden=\"true\" class=\"wp-block-spacer\"><\/div>\n\n\n\n<p><strong>Nous vous attendons dans notre coin hospitalier que nous avons construit, pour que vous puissiez \u00e9galement cr\u00e9er et vivre votre propre MYTHE!<\/strong><\/p>\n\n\n\n<div style=\"height:32px\" aria-hidden=\"true\" class=\"wp-block-spacer\"><\/div>\n\n\n<p><!--StartFragment--><\/p>\n<p><!--EndFragment--><\/p>","protected":false},"excerpt":{"rendered":"<p>Dans la pittoresque Stoupa de Mani de Mess\u00e9nie, \u00e0 c\u00f4t\u00e9 de la c\u00e9l\u00e8bre plage de Kalogria, sous le volume montagneux de Taygetos, dans l&#8217;un des plus beaux coins de la terre grecque avec le terrain naturel unique et le r\u00e8glement traditionnel spectaculaire, nous avons cr\u00e9\u00e9 notre propre MYTHE, dans le respect de l&#8217;environnement et de [&hellip;]<\/p>\n","protected":false},"author":4,"featured_media":187,"parent":0,"menu_order":0,"comment_status":"closed","ping_status":"closed","template":"","meta":{"_seopress_robots_primary_cat":"","_seopress_titles_title":"Mythos Villas Stoupa","_seopress_titles_desc":"Trois (3) maisons de Mani, traditionnelles ind\u00e9pendantes en pierre: PONTOS, NOSTOS et ESTIA vous attendent pour conna\u00eetre l&#039;endroit ","_seopress_robots_index":"","footnotes":""},"class_list":["post-1130","page","type-page","status-publish","has-post-thumbnail","hentry"],"meta_box":[],"_links":{"self":[{"href":"https:\/\/villas-stoupa.gr\/fr\/wp-json\/wp\/v2\/pages\/1130","targetHints":{"allow":["GET"]}}],"collection":[{"href":"https:\/\/villas-stoupa.gr\/fr\/wp-json\/wp\/v2\/pages"}],"about":[{"href":"https:\/\/villas-stoupa.gr\/fr\/wp-json\/wp\/v2\/types\/page"}],"author":[{"embeddable":true,"href":"https:\/\/villas-stoupa.gr\/fr\/wp-json\/wp\/v2\/users\/4"}],"replies":[{"embeddable":true,"href":"https:\/\/villas-stoupa.gr\/fr\/wp-json\/wp\/v2\/comments?post=1130"}],"version-history":[{"count":9,"href":"https:\/\/villas-stoupa.gr\/fr\/wp-json\/wp\/v2\/pages\/1130\/revisions"}],"predecessor-version":[{"id":2283,"href":"https:\/\/villas-stoupa.gr\/fr\/wp-json\/wp\/v2\/pages\/1130\/revisions\/2283"}],"wp:featuredmedia":[{"embeddable":true,"href":"https:\/\/villas-stoupa.gr\/fr\/wp-json\/wp\/v2\/media\/187"}],"wp:attachment":[{"href":"https:\/\/villas-stoupa.gr\/fr\/wp-json\/wp\/v2\/media?parent=1130"}],"curies":[{"name":"wp","href":"https:\/\/api.w.org\/{rel}","templated":true}]}}